{"id":2767,"date":"2023-09-06T11:35:38","date_gmt":"2023-09-06T11:35:38","guid":{"rendered":"https:\/\/ketacoin.io\/?page_id=2767"},"modified":"2023-09-06T11:40:10","modified_gmt":"2023-09-06T11:40:10","slug":"definition-nutzen","status":"publish","type":"page","link":"https:\/\/ketacoin.io\/?page_id=2767&lang=de","title":{"rendered":"Definition &#038; Nutzen"},"content":{"rendered":"\n<style type=\"text\/css\" data-created_by=\"avia_inline_auto\" id=\"style-css-av-av_section-b172d1d3719e560cfc514aa0d053f6e5\">\n.avia-section.av-av_section-b172d1d3719e560cfc514aa0d053f6e5 .av-section-color-overlay{\nopacity:0.2;\nbackground-image:url(https:\/\/ketacoin.io\/wp-content\/uploads\/2023\/09\/cool-background-scaled.jpg);\nbackground-repeat:repeat;\n}\n<\/style>\n<div id='av_section_1'  class='avia-section av-av_section-b172d1d3719e560cfc514aa0d053f6e5 main_color avia-section-default avia-no-border-styling  avia-builder-el-0  el_before_av_section  avia-builder-el-first  avia-bg-style-scroll av-section-color-overlay-active container_wrap fullsize'  ><div class=\"av-section-color-overlay-wrap\"><div class=\"av-section-color-overlay\"><\/div><div class='container av-section-cont-open' ><main  role=\"main\" itemprop=\"mainContentOfPage\"  class='template-page content  av-content-full alpha units'><div class='post-entry post-entry-type-page post-entry-2767'><div class='entry-content-wrapper clearfix'>\n<div  class='flex_column av-av_one_full-048119fdb636ea3d70edc0b975509c6c av_one_full  avia-builder-el-1  avia-builder-el-no-sibling  first flex_column_div  '     ><p>\n<style type=\"text\/css\" data-created_by=\"avia_inline_auto\" id=\"style-css-av-lm7nzgw2-e6589767b0a22d6ab2b4b1927323f60d\">\n#top .av-special-heading.av-lm7nzgw2-e6589767b0a22d6ab2b4b1927323f60d{\npadding-bottom:10px;\n}\nbody .av-special-heading.av-lm7nzgw2-e6589767b0a22d6ab2b4b1927323f60d .av-special-heading-tag .heading-char{\nfont-size:25px;\n}\n.av-special-heading.av-lm7nzgw2-e6589767b0a22d6ab2b4b1927323f60d .av-subheading{\nfont-size:15px;\n}\n<\/style>\n<div  class='av-special-heading av-lm7nzgw2-e6589767b0a22d6ab2b4b1927323f60d av-special-heading-h2  avia-builder-el-2  el_before_av_hr  avia-builder-el-first '><h2 class='av-special-heading-tag'  itemprop=\"headline\"  >Definition und Nutzen der Tokenisierung<\/h2><div class=\"special-heading-border\"><div class=\"special-heading-inner-border\"><\/div><\/div><\/div><br \/>\n\n<style type=\"text\/css\" data-created_by=\"avia_inline_auto\" id=\"style-css-av-av_hr-af89a52d51412774536fa272e468f7cd\">\n#top .hr.hr-invisible.av-av_hr-af89a52d51412774536fa272e468f7cd{\nheight:30px;\n}\n<\/style>\n<div  class='hr av-av_hr-af89a52d51412774536fa272e468f7cd hr-invisible  avia-builder-el-3  el_after_av_heading  el_before_av_textblock '><span class='hr-inner '><span class=\"hr-inner-style\"><\/span><\/span><\/div><br \/>\n<section  class='av_textblock_section av-lm7o1qza-70fe7fbec794e4c0339d3734fdb8a0b2 '   itemscope=\"itemscope\" itemtype=\"https:\/\/schema.org\/CreativeWork\" ><div class='avia_textblock'  itemprop=\"text\" ><p style=\"text-align: justify;\">Der Begriff Tokenisierung stellt eine St\u00fcckelung bzw. Aufteilung dar, sprich Erzeugung einer digitalen Abbildung von physischen oder virtuellen Verm\u00f6genswerten. Durch die Verbriefung k\u00f6nnen Eigentumsverh\u00e4ltnisse \u00fcber einen digitalen Token abgebildet werden.<\/p>\n<p style=\"text-align: justify;\">Wird beispielsweise eine Immobilie Unternehmen tokenisiert, so k\u00f6nnen Investoren deren digitale Anteile kaufen. Der Besitzer wird durch den Besitz der Token am Wert des Unternehmens teilhaben.<\/p>\n<p style=\"text-align: justify;\">Tokenisierung kann auf das komplette Unternehmen erfolgen oder nur an eine ausgew\u00e4hlte Immobilie. Das gleiche Prinzip gilt auch f\u00fcr ein Textil Unternehmen, sei das ein Textil Produktionsunternehmen oder Handel. Das ganze Unternehmen oder nur ein einziges Label l\u00e4sst sich tokenisieren.<\/p>\n<p style=\"text-align: justify;\">Perfektes Beispiel, ist auch eine Auto Garage, die mit Oldtimer Autos handelt. Durch Tokenisierung kann das Unternehmen die Liquidit\u00e4t maximieren, somit mehr Oldtimer kaufen, diese restaurieren und verkaufen. Durch die Tokenisierung gewinnt das Unternehmen weltweite Investoren, unabh\u00e4ngig von geografischem Standort.<\/p>\n<p style=\"text-align: justify;\">Dies resultiert darin, dass die Investoren Interesse am Endprodukt bekunden k\u00f6nnen und das Unternehmen somit Kunden gewinnt. Aufgrund Nachfrage gewinnt das gekaufte Token Gewinnt an Wert und so steigt auch das Handelsvolumen des Tokens.<\/p>\n<p style=\"text-align: justify;\">Auf diese Weise k\u00f6nnen die Investoren und das Unternehmen das Token f\u00fcr einen viel h\u00f6heren Preis wieder verkaufen, was eine h\u00f6here Liquidit\u00e4t beschafft. Bestehende Unternehmen sowie Startups k\u00f6nnen problemlos tokenisiert werden und deren Liquidit\u00e4t Vorteile geniessen.<\/p>\n<\/div><\/section><br \/>\n\n<style type=\"text\/css\" data-created_by=\"avia_inline_auto\" id=\"style-css-av-lm7o2auo-e5bac909b9de1c1959b6ebfd38158da1\">\n#top .av-special-heading.av-lm7o2auo-e5bac909b9de1c1959b6ebfd38158da1{\npadding-bottom:10px;\n}\nbody .av-special-heading.av-lm7o2auo-e5bac909b9de1c1959b6ebfd38158da1 .av-special-heading-tag .heading-char{\nfont-size:25px;\n}\n.av-special-heading.av-lm7o2auo-e5bac909b9de1c1959b6ebfd38158da1 .av-subheading{\nfont-size:15px;\n}\n<\/style>\n<div  class='av-special-heading av-lm7o2auo-e5bac909b9de1c1959b6ebfd38158da1 av-special-heading-h2  avia-builder-el-5  el_after_av_textblock  el_before_av_hr '><h2 class='av-special-heading-tag'  itemprop=\"headline\"  >Interessante Gesch\u00e4ft<\/h2><div class=\"special-heading-border\"><div class=\"special-heading-inner-border\"><\/div><\/div><\/div><br \/>\n\n<style type=\"text\/css\" data-created_by=\"avia_inline_auto\" id=\"style-css-av-av_hr-af89a52d51412774536fa272e468f7cd\">\n#top .hr.hr-invisible.av-av_hr-af89a52d51412774536fa272e468f7cd{\nheight:30px;\n}\n<\/style>\n<div  class='hr av-av_hr-af89a52d51412774536fa272e468f7cd hr-invisible  avia-builder-el-6  el_after_av_heading  el_before_av_textblock '><span class='hr-inner '><span class=\"hr-inner-style\"><\/span><\/span><\/div><br \/>\n<section  class='av_textblock_section av-lm7o3oom-8ca453ea0dd991ecf64927c93168fa5c '   itemscope=\"itemscope\" itemtype=\"https:\/\/schema.org\/CreativeWork\" ><div class='avia_textblock'  itemprop=\"text\" ><p style=\"text-align: justify;\">Das interessante Gesch\u00e4ft f\u00fcr Investoren ist das Staken (Anlegen) von Token. Was ist \u00abStaking\u00bb? Staking ist ein Prozess, bei dem Investoren Belohnungen erhalten, indem sie ihre Tokens in Krypto Wallets sperren und diese zum Validieren von Netzwerktransaktionen oder als Liquidit\u00e4tsquelle f\u00fcr andere zur Verf\u00fcgung stellen. Der Konsens in einem PoS-Netzwerk wird durch Validatoren erreicht, die ihre Coins staken.<\/p>\n<p style=\"text-align: justify;\">\nValidatoren sind Teilnehmer, die nach dem Zufallsprinzip ausgew\u00e4hlt werden und \u00fcberpr\u00fcfen, ob eine Transaktion g\u00fcltig und korrekt ist. Das urspr\u00fcngliche Konzept der \u00fcblichen Stakings in Proof-of-Stake Netzwerke kommt immer h\u00e4ufiger bei DeFi-Apps zum Einsatz, indem Nutzer ihre Coins staken und dadurch zus\u00e4tzliche Ertr\u00e4ge generieren k\u00f6nnen.<\/p>\n<p style=\"text-align: justify;\">\nStaking gewinnt innerhalb der Krypto- Community zunehmend an Bedeutung, da immer mehr Nutzer mit ihren Kryptos auf DeFi-Plattformen Gewinne erzielen wollen. Diese Art von Gesch\u00e4ft wurde von Banken und anderen zentralen Finanzinstituten dominiert.<\/p>\n<p style=\"text-align: justify;\">Das dezentralisierte Finanzsystem (DeFi) bietet Nutzern die M\u00f6glichkeit, ihre Krypto W\u00e4hrungen in Liquidit\u00e4tspools einzuzahlen, um so anderen Nutzern Kapital zur Verf\u00fcgung zu stellen und daf\u00fcr ein zus\u00e4tzliches Einkommen zu generieren.<\/p>\n<\/div><\/section><br \/>\n<div  class='av_promobox av-av_promobox-eba9024680bc14a72e4dd10daa3ab119 avia-button-yes  avia-builder-el-8  el_after_av_textblock  avia-builder-el-last '><div class='avia-promocontent'><\/p>\n<div class=\"heading-block center\">\n<div class=\"heading-block center\">If you are looking to Tokenize your project, kindly fill the form below and attach a summary of your project and what you are looking to achieve.<\/div>\n<div class=\"col_half\">\n<div class=\"custom-form-result\" style=\"box-sizing: border-box; color: #555555; font-family: Roboto, sans-serif; font-size: 14px; font-style: normal; font-variant-ligatures: normal; font-variant-caps: normal; font-weight: 400; letter-spacing: normal; orphans: 2; text-align: left; text-indent: 0px; text-transform: none; widows: 2; word-spacing: 0px; -webkit-text-stroke-width: 0px; white-space: normal; background-color: #ffffff; text-decoration-thickness: initial; text-decoration-style: initial; text-decoration-color: initial;\" data-notify-type=\"success\" data-notify-msg=\"<i class=icon-ok-sign><\/i> Your message has been sent <strong>successfully<\/strong>&#8220;><\/div>\n<form id=\"custom-form\" class=\"nobottommargin\" novalidate=\"novalidate\"><\/form>\n<\/div>\n<\/div>\n<p>\n<\/div><div  class='avia-button-wrap av-av_button-0fa3acc24f5620465fc9962c86e94b13-wrap avia-button-right '><a href='https:\/\/ketacoin.io\/contact-us\/'  class='avia-button av-av_button-0fa3acc24f5620465fc9962c86e94b13 avia-icon_select-no avia-size-large avia-position-right avia-color-theme-color'  ><span class='avia_iconbox_title' >TOKENIZE<\/span><\/a><\/div><\/div><\/p><\/div><\/div><\/div><\/main><!-- close content main element --><\/div><\/div><\/div>\n<style type=\"text\/css\" data-created_by=\"avia_inline_auto\" id=\"style-css-av-av_section-e2f31ca5bb4d9f7e3091c1bff5c623ff\">\n.avia-section.av-av_section-e2f31ca5bb4d9f7e3091c1bff5c623ff{\nbackground-color:#ebf7f2;\nbackground-image:url(https:\/\/ketacoin.io\/wp-content\/uploads\/2023\/08\/Frame-6.png);\nbackground-repeat:no-repeat;\nbackground-position:0% 0%;\nbackground-attachment:scroll;\n}\n<\/style>\n<div id='av_section_2'  class='avia-section av-av_section-e2f31ca5bb4d9f7e3091c1bff5c623ff main_color avia-section-default avia-no-border-styling  avia-builder-el-9  el_after_av_section  el_before_av_section  av-small-hide av-mini-hide avia-bg-style-scroll container_wrap fullsize'  data-section-bg-repeat='no-repeat'><div class='container av-section-cont-open' ><div class='template-page content  av-content-full alpha units'><div class='post-entry post-entry-type-page post-entry-2767'><div class='entry-content-wrapper clearfix'>\n\n<style type=\"text\/css\" data-created_by=\"avia_inline_auto\" id=\"style-css-av-av_one_half-709aa33b4b20bc13b9cabccc5a836c56\">\n.flex_column.av-av_one_half-709aa33b4b20bc13b9cabccc5a836c56{\npadding:0 0 0 20%;\n}\n<\/style>\n<div  class='flex_column av-av_one_half-709aa33b4b20bc13b9cabccc5a836c56 av_one_half  avia-builder-el-10  el_before_av_one_half  avia-builder-el-first  first flex_column_div  '     ><section  class='av_textblock_section av-av_textblock-564067357eb74c20cdd60b282c9b50bd '   itemscope=\"itemscope\" itemtype=\"https:\/\/schema.org\/CreativeWork\" ><div class='avia_textblock'  itemprop=\"text\" ><h1 style=\"text-align: center;\"><strong><span style=\"color: #323377;\">THANK YOU!<\/span><\/strong><br \/>\nFOR CHOOSING US<\/h1>\n<p><img loading=\"lazy\" decoding=\"async\" class=\"aligncenter wp-image-2468 \" src=\"https:\/\/ketacoin.io\/wp-content\/uploads\/2023\/07\/ketacoin2-300x167.png\" alt=\"\" width=\"260\" height=\"145\" srcset=\"https:\/\/ketacoin.io\/wp-content\/uploads\/2023\/07\/ketacoin2-300x167.png 300w, https:\/\/ketacoin.io\/wp-content\/uploads\/2023\/07\/ketacoin2-768x427.png 768w, https:\/\/ketacoin.io\/wp-content\/uploads\/2023\/07\/ketacoin2-705x392.png 705w, https:\/\/ketacoin.io\/wp-content\/uploads\/2023\/07\/ketacoin2.png 900w\" sizes=\"auto, (max-width: 260px) 100vw, 260px\" \/><\/p>\n<p style=\"text-align: center;\">We look forward to working with you!<\/p>\n<\/div><\/section><\/div>\n<style type=\"text\/css\" data-created_by=\"avia_inline_auto\" id=\"style-css-av-av_one_half-fa009c30831e7390761c658d2a98149f\">\n.flex_column.av-av_one_half-fa009c30831e7390761c658d2a98149f{\npadding:3.4% 0 0 0;\n}\n\n@media only screen and (min-width: 480px) and (max-width: 767px){ \n.flex_column.av-av_one_half-fa009c30831e7390761c658d2a98149f{\npadding:0 0 0 20%;\n}\n}\n\n@media only screen and (max-width: 479px){ \n.flex_column.av-av_one_half-fa009c30831e7390761c658d2a98149f{\npadding:0px 0px 0px 0px;\n}\n}\n<\/style>\n<div  class='flex_column av-av_one_half-fa009c30831e7390761c658d2a98149f av_one_half  avia-builder-el-12  el_after_av_one_half  avia-builder-el-last  flex_column_div  '     ><section  class='av_textblock_section av-av_textblock-564067357eb74c20cdd60b282c9b50bd '   itemscope=\"itemscope\" itemtype=\"https:\/\/schema.org\/CreativeWork\" ><div class='avia_textblock'  itemprop=\"text\" ><p>Address: Dubai Silicon Oasis, DDP, Building A1, Dubai, United Arab Emirates<\/p>\n<p>KETA GROUP FZCO<br \/>\nKETA COIN<br \/>\nLicense Number: 20195<\/p>\n<p>Dubai Phone: +971 50 184 77 18<br \/>\nSwiss Mobile: +41 76 610 18 18<br \/>\nSwiss Phone: +41 41 252 18 18<br \/>\nSwiss Fax: +41 41 252 18 19<\/p>\n<p>Email: info@ketacoin.io<\/p>\n<\/div><\/section><\/div>\n<\/p>\n<\/div><\/div><\/div><!-- close content main div --><\/div><\/div>\n<style type=\"text\/css\" data-created_by=\"avia_inline_auto\" id=\"style-css-av-av_section-847f8ec4ec87fdd3a2e9fd617da40ef7\">\n.avia-section.av-av_section-847f8ec4ec87fdd3a2e9fd617da40ef7{\nbackground-color:#ebf7f2;\nbackground-image:unset;\n}\n<\/style>\n<div id='av_section_3'  class='avia-section av-av_section-847f8ec4ec87fdd3a2e9fd617da40ef7 main_color avia-section-default avia-no-border-styling  avia-builder-el-14  el_after_av_section  avia-builder-el-last  av-desktop-hide av-medium-hide avia-bg-style-scroll container_wrap fullsize'  ><div class='container av-section-cont-open' ><div class='template-page content  av-content-full alpha units'><div class='post-entry post-entry-type-page post-entry-2767'><div class='entry-content-wrapper clearfix'>\n\n<style type=\"text\/css\" data-created_by=\"avia_inline_auto\" id=\"style-css-av-av_one_full-5af4358dce20061579ab6f1d738915ea\">\n.flex_column.av-av_one_full-5af4358dce20061579ab6f1d738915ea{\npadding:3.4% 0 0 0;\n}\n\n@media only screen and (min-width: 480px) and (max-width: 767px){ \n.flex_column.av-av_one_full-5af4358dce20061579ab6f1d738915ea{\npadding:0 0 0 20%;\n}\n}\n\n@media only screen and (max-width: 479px){ \n.flex_column.av-av_one_full-5af4358dce20061579ab6f1d738915ea{\npadding:0px 0px 0px 0px;\n}\n}\n<\/style>\n<div  class='flex_column av-av_one_full-5af4358dce20061579ab6f1d738915ea av_one_full  avia-builder-el-15  avia-builder-el-no-sibling  first flex_column_div  '     ><section  class='av_textblock_section av-av_textblock-564067357eb74c20cdd60b282c9b50bd '   itemscope=\"itemscope\" itemtype=\"https:\/\/schema.org\/CreativeWork\" ><div class='avia_textblock'  itemprop=\"text\" ><p>Address: Dubai Silicon Oasis, DDP, Building A1, Dubai, United Arab Emirates<\/p>\n<p>KETA GROUP FZCO<br \/>\nKETA COIN<br \/>\nLicense Number: 20195<\/p>\n<p>Dubai Phone: +971 50 184 77 18<br \/>\nSwiss Mobile: +41 76 610 18 18<br \/>\nSwiss Phone: +41 41 252 18 18<br \/>\nSwiss Fax: +41 41 252 18 19<\/p>\n<p>Email: info@ketacoin.io<\/p>\n<\/div><\/section><\/div>\n\n","protected":false},"excerpt":{"rendered":"","protected":false},"author":1,"featured_media":0,"parent":0,"menu_order":0,"comment_status":"closed","ping_status":"closed","template":"","meta":{"footnotes":""},"class_list":["post-2767","page","type-page","status-publish","hentry"],"_links":{"self":[{"href":"https:\/\/ketacoin.io\/index.php?rest_route=\/wp\/v2\/pages\/2767","targetHints":{"allow":["GET"]}}],"collection":[{"href":"https:\/\/ketacoin.io\/index.php?rest_route=\/wp\/v2\/pages"}],"about":[{"href":"https:\/\/ketacoin.io\/index.php?rest_route=\/wp\/v2\/types\/page"}],"author":[{"embeddable":true,"href":"https:\/\/ketacoin.io\/index.php?rest_route=\/wp\/v2\/users\/1"}],"replies":[{"embeddable":true,"href":"https:\/\/ketacoin.io\/index.php?rest_route=%2Fwp%2Fv2%2Fcomments&post=2767"}],"version-history":[{"count":2,"href":"https:\/\/ketacoin.io\/index.php?rest_route=\/wp\/v2\/pages\/2767\/revisions"}],"predecessor-version":[{"id":2770,"href":"https:\/\/ketacoin.io\/index.php?rest_route=\/wp\/v2\/pages\/2767\/revisions\/2770"}],"wp:attachment":[{"href":"https:\/\/ketacoin.io\/index.php?rest_route=%2Fwp%2Fv2%2Fmedia&parent=2767"}],"curies":[{"name":"wp","href":"https:\/\/api.w.org\/{rel}","templated":true}]}}