{"id":2781,"date":"2023-09-07T09:05:57","date_gmt":"2023-09-07T09:05:57","guid":{"rendered":"https:\/\/ketacoin.io\/?page_id=2781"},"modified":"2023-09-07T09:05:58","modified_gmt":"2023-09-07T09:05:58","slug":"uber-uns","status":"publish","type":"page","link":"https:\/\/ketacoin.io\/?page_id=2781&lang=de","title":{"rendered":"\u00dcber uns"},"content":{"rendered":"\n<style type=\"text\/css\" data-created_by=\"avia_inline_auto\" id=\"style-css-av-av_section-e1cdda99357cbc92a548529fa6f2e7f4\">\n.avia-section.av-av_section-e1cdda99357cbc92a548529fa6f2e7f4 .av-section-color-overlay{\nopacity:0.3;\nbackground-image:url(https:\/\/ketacoin.io\/wp-content\/uploads\/2023\/09\/cool-background2-scaled.jpg);\nbackground-repeat:repeat;\n}\n<\/style>\n<div id='av_section_1'  class='avia-section av-av_section-e1cdda99357cbc92a548529fa6f2e7f4 main_color avia-section-default avia-no-border-styling  avia-builder-el-0  el_before_av_section  avia-builder-el-first  avia-bg-style-scroll av-section-color-overlay-active container_wrap fullsize'  ><div class=\"av-section-color-overlay-wrap\"><div class=\"av-section-color-overlay\"><\/div><div class='container av-section-cont-open' ><main  role=\"main\" itemprop=\"mainContentOfPage\"  class='template-page content  av-content-full alpha units'><div class='post-entry post-entry-type-page post-entry-2781'><div class='entry-content-wrapper clearfix'>\n<div  class='flex_column av-av_one_full-048119fdb636ea3d70edc0b975509c6c av_one_full  avia-builder-el-1  el_before_av_one_full  avia-builder-el-first  first flex_column_div  '     ><style type=\"text\/css\" data-created_by=\"avia_inline_auto\" id=\"style-css-av-lm8xzs1v-e81e1cf73150547db105c6d7ad27ea40\">\n#top .av-special-heading.av-lm8xzs1v-e81e1cf73150547db105c6d7ad27ea40{\npadding-bottom:10px;\n}\nbody .av-special-heading.av-lm8xzs1v-e81e1cf73150547db105c6d7ad27ea40 .av-special-heading-tag .heading-char{\nfont-size:25px;\n}\n.av-special-heading.av-lm8xzs1v-e81e1cf73150547db105c6d7ad27ea40 .av-subheading{\nfont-size:15px;\n}\n<\/style>\n<div  class='av-special-heading av-lm8xzs1v-e81e1cf73150547db105c6d7ad27ea40 av-special-heading-h2  avia-builder-el-2  avia-builder-el-no-sibling '><h2 class='av-special-heading-tag'  itemprop=\"headline\"  >\u00dcber uns<\/h2><div class=\"special-heading-border\"><div class=\"special-heading-inner-border\"><\/div><\/div><\/div><\/div><div  class='flex_column av-av_one_full-048119fdb636ea3d70edc0b975509c6c av_one_full  avia-builder-el-3  el_after_av_one_full  el_before_av_one_fourth  first flex_column_div  column-top-margin'     ><section  class='av_textblock_section av-lm8y0ozx-b3e728e863937c0cb39b65f835d53143 '   itemscope=\"itemscope\" itemtype=\"https:\/\/schema.org\/CreativeWork\" ><div class='avia_textblock'  itemprop=\"text\" ><p style=\"text-align: justify;\">Ich bin Ardian Hamiti, Gr\u00fcnder von Keta Coin. Mit Kryptos befasse ich mich seit 2016.<\/p>\n<p style=\"text-align: justify;\">In der Krypto Business Welt bin ein Quereinsteiger. Urspr\u00fcnglich arbeitete ich im medizinischen Bereich, genauer gesagt im An\u00e4sthesie Bereich. Dort musste ich Medikamente in Milligramm oder Microgram pro Kilogramm Gewicht pro Minute oder pro Stunde berechnen, was eine sehr grosse Exaktheit und Verantwortung zeigen.<\/p>\n<p style=\"text-align: justify;\">\nDiese grosse Exaktheit und Verantwortung habe ich bei Keta Coin mitgebracht und habe die besten Software-Ingenieuren und Crypto Experten bei Keta Coin eingeschlossen.<\/p>\n<p style=\"text-align: justify;\">\nUnser Team aus Software-Ingenieuren ist f\u00fcr die Implementierung der g\u00e4ngigsten Codes und Technologien zur Erreichung des oben genannten Ziels verantwortlich. Unser Team verf\u00fcgt \u00fcber umfangreiche Erfahrung in der Cryptowelt. Zus\u00e4tzlich zu der technischen Implementierung Hilfen wir auch bei Vorschl\u00e4gen, die zu Erfolg f\u00fchren.<\/p>\n<p style=\"text-align: justify;\">\nKeta Coin Team<\/p>\n<\/div><\/section><\/div><div  class='flex_column av-av_one_fourth-048119fdb636ea3d70edc0b975509c6c av_one_fourth  avia-builder-el-5  el_after_av_one_full  el_before_av_one_fourth  first flex_column_div  column-top-margin'     ><section  class='avia-team-member av-lm8y17vg-298132ad94d20f16f8be7deda9a05248  avia-builder-el-6  avia-builder-el-no-sibling '  itemscope=\"itemscope\" itemtype=\"https:\/\/schema.org\/Person\" ><div class=\"team-img-container\"><img decoding=\"async\" class='wp-image-2713 avia-img-lazy-loading-not-2713 avia_image avia_image_team' src=\"https:\/\/ketacoin.io\/wp-content\/uploads\/2023\/09\/DSC_9206-aa-263x300.jpg\" alt='Ardian Hamit'  itemprop=\"image\"   height=\"300\" width=\"263\" srcset=\"https:\/\/ketacoin.io\/wp-content\/uploads\/2023\/09\/DSC_9206-aa-263x300.jpg 263w, https:\/\/ketacoin.io\/wp-content\/uploads\/2023\/09\/DSC_9206-aa-901x1030.jpg 901w, https:\/\/ketacoin.io\/wp-content\/uploads\/2023\/09\/DSC_9206-aa-768x878.jpg 768w, https:\/\/ketacoin.io\/wp-content\/uploads\/2023\/09\/DSC_9206-aa-617x705.jpg 617w, https:\/\/ketacoin.io\/wp-content\/uploads\/2023\/09\/DSC_9206-aa.jpg 1309w\" sizes=\"(max-width: 263px) 100vw, 263px\" \/><div class=\"team-social\"><div class=\"team-social-inner\"><span class='hidden av_member_url_markup linkedin'  itemprop=\"url\" >https:\/\/www.linkedin.com\/in\/ardian-hamiti-68063383\/<\/span><a href='https:\/\/www.linkedin.com\/in\/ardian-hamiti-68063383\/' class='avia-team-icon av-av_team_icon-20518ca9a6c68a0898fd2cd1d85d79c5 linkedin' rel='v:url' data-avia-tooltip=\"LinkedIN\"  aria-hidden='true' data-av_icon='\ue8fc' data-av_iconfont='entypo-fontello'><\/a><\/div><\/div><\/div><h3 class='team-member-name '  itemprop=\"name\" >Ardian Hamit<\/h3><div class='team-member-job-title '  itemprop=\"jobTitle\" >Founder and CEO<\/div><div class='team-member-description '  itemprop=\"description\" ><p>An\u00e4sthesie Experte, seit 2017 Quereinsteiger in KryptoBusiness Welt. Seit 2013 CEO von eigenemPersonalvermittlung Unternehmen. Kompetent,exakt und selbstbewusst.<\/p>\n<\/div><span class='hidden team-member-affiliation'  itemprop=\"affiliation\" >Keta Coin<\/span><\/section><\/div><div  class='flex_column av-av_one_fourth-feecfcc73494c68bb0d1632d1d5c38ae av_one_fourth  avia-builder-el-7  el_after_av_one_fourth  el_before_av_one_fourth  flex_column_div  column-top-margin'     ><section  class='avia-team-member av-av_team_member-b17756d3653fd4b0b30c978e2efe3a92  avia-builder-el-8  avia-builder-el-no-sibling '  itemscope=\"itemscope\" itemtype=\"https:\/\/schema.org\/Person\" ><h3 class='team-member-name '  itemprop=\"name\" >Gentian Elmazi<\/h3><div class='team-member-job-title '  itemprop=\"jobTitle\" >Founding Partner<\/div><span class='hidden team-member-affiliation'  itemprop=\"affiliation\" >Keta Coin<\/span><\/section><\/div><div  class='flex_column av-av_one_fourth-feecfcc73494c68bb0d1632d1d5c38ae av_one_fourth  avia-builder-el-9  el_after_av_one_fourth  avia-builder-el-last  flex_column_div  column-top-margin'     ><section  class='avia-team-member av-av_team_member-3f2ec105563c22ba07ba86e4b2da110a  avia-builder-el-10  avia-builder-el-no-sibling '  itemscope=\"itemscope\" itemtype=\"https:\/\/schema.org\/Person\" ><h3 class='team-member-name '  itemprop=\"name\" >Agon Fejza<\/h3><div class='team-member-job-title '  itemprop=\"jobTitle\" >Founding Partner<\/div><span class='hidden team-member-affiliation'  itemprop=\"affiliation\" >Keta Coin<\/span><\/section><\/div><\/div><\/div><\/main><!-- close content main element --><\/div><\/div><\/div>\n<style type=\"text\/css\" data-created_by=\"avia_inline_auto\" id=\"style-css-av-av_section-f09fd4da4c943108a30138648e138cb4\">\n.avia-section.av-av_section-f09fd4da4c943108a30138648e138cb4{\nbackground-repeat:no-repeat;\nbackground-image:url(https:\/\/ketacoin.io\/wp-content\/uploads\/2023\/07\/Rectangle-15-1.png);\nbackground-position:0% 0%;\nbackground-attachment:scroll;\n}\n<\/style>\n<div id='av_section_2'  class='avia-section av-av_section-f09fd4da4c943108a30138648e138cb4 main_color avia-section-default avia-no-border-styling  avia-builder-el-11  el_after_av_section  el_before_av_section  avia-full-stretch avia-bg-style-scroll container_wrap fullsize'  data-section-bg-repeat='stretch'><div class='container av-section-cont-open' ><div class='template-page content  av-content-full alpha units'><div class='post-entry post-entry-type-page post-entry-2781'><div class='entry-content-wrapper clearfix'>\n\n<style type=\"text\/css\" data-created_by=\"avia_inline_auto\" id=\"style-css-av-av_one_half-4a9118e8b0efc7f38413d3017b711c56\">\n.flex_column.av-av_one_half-4a9118e8b0efc7f38413d3017b711c56{\npadding:50px 50px 50px 50px;\nbackground-color:#323377;\n}\n<\/style>\n<div  class='flex_column av-av_one_half-4a9118e8b0efc7f38413d3017b711c56 av_one_half  avia-builder-el-12  el_before_av_one_half  avia-builder-el-first  first flex_column_div  '     ><section  class='av_textblock_section av-av_textblock-6033469a17f0be6f41a27ff784bd4e34 '   itemscope=\"itemscope\" itemtype=\"https:\/\/schema.org\/CreativeWork\" ><div class='avia_textblock'  itemprop=\"text\" ><h2 class=\"banner-heading\" style=\"color: white;\"><span style=\"color: #ffffff;\"><strong>Dedicated Team<\/strong><\/span><\/h2>\n<div class=\"banner-decription\"><span style=\"color: #ffffff;\">Our expertise runs deep. Based on the requirements of your<\/span><\/div>\n<div class=\"banner-decription\"><span style=\"color: #ffffff;\">project, we can assemble a specific team of developers and UX &#038;<\/span><\/div>\n<div class=\"banner-decription\"><span style=\"color: #ffffff;\">UI Designers to be at your full disposal, with a Project Manager on<\/span><\/div>\n<div class=\"banner-decription\"><span style=\"color: #ffffff;\">top.<\/span><\/div>\n<div><\/div>\n<div class=\"banner-decription\"><span style=\"color: #ffffff;\">Whether you are building your business from scratch, you need to<\/span><\/div>\n<div class=\"banner-decription\"><span style=\"color: #ffffff;\">improve an existing platform, or you\u2019re simply looking for an extra<\/span><\/div>\n<div class=\"banner-decription\"><span style=\"color: #ffffff;\">pair of hands to help you out.<\/span><\/div>\n<\/div><\/section><\/div>\n<style type=\"text\/css\" data-created_by=\"avia_inline_auto\" id=\"style-css-av-av_one_half-e1cdcea2e4a168b57991e628b90c10c2\">\n.flex_column.av-av_one_half-e1cdcea2e4a168b57991e628b90c10c2{\npadding:50px 50px 50px 50px;\n}\n<\/style>\n<div  class='flex_column av-av_one_half-e1cdcea2e4a168b57991e628b90c10c2 av_one_half  avia-builder-el-14  el_after_av_one_half  el_before_av_promobox  flex_column_div  '     ><section  class='av_textblock_section av-av_textblock-564067357eb74c20cdd60b282c9b50bd '   itemscope=\"itemscope\" itemtype=\"https:\/\/schema.org\/CreativeWork\" ><div class='avia_textblock'  itemprop=\"text\" ><h2 class=\"banner-heading\"><strong>Fixed Price Project<\/strong><\/h2>\n<div class=\"white-text\">If you have a clear idea about your product, we can give an estimate<\/div>\n<div class=\"white-text\">and get right to it. Our people will help with planning and overall<\/div>\n<div class=\"white-text\">architecture.<\/div>\n<div><\/div>\n<div><\/div>\n<div class=\"white-text\">With the start date and completion deadline set, it\u2019s time for us to do<\/div>\n<div class=\"white-text\">the magic. We excel at saas, itsm, web\/mobile apps, e-commerce,<\/div>\n<div class=\"white-text\">banking, blockchain services, telecommunications, AI and much<\/div>\n<div class=\"white-text\">more\u2026<\/div>\n<\/div><\/section><\/div><div  class='av_promobox av-av_promobox-eba9024680bc14a72e4dd10daa3ab119 avia-button-yes  avia-builder-el-16  el_after_av_one_half  avia-builder-el-last '><div class='avia-promocontent'><div class=\"heading-block center\">If you are looking to Tokenize your project, kindly fill the form below and attach a summary of your project and what you are looking to achieve.<\/div>\n<div class=\"col_half\"><\/div>\n<\/div><div  class='avia-button-wrap av-av_button-0fa3acc24f5620465fc9962c86e94b13-wrap avia-button-right '><a href='https:\/\/ketacoin.io\/contact-us\/'  class='avia-button av-av_button-0fa3acc24f5620465fc9962c86e94b13 avia-icon_select-no avia-size-large avia-position-right avia-color-theme-color'  ><span class='avia_iconbox_title' >TOKENIZE<\/span><\/a><\/div><\/div>\n<\/p>\n<\/div><\/div><\/div><!-- close content main div --><\/div><\/div>\n<style type=\"text\/css\" data-created_by=\"avia_inline_auto\" id=\"style-css-av-av_section-e2f31ca5bb4d9f7e3091c1bff5c623ff\">\n.avia-section.av-av_section-e2f31ca5bb4d9f7e3091c1bff5c623ff{\nbackground-color:#ebf7f2;\nbackground-image:url(https:\/\/ketacoin.io\/wp-content\/uploads\/2023\/08\/Frame-6.png);\nbackground-repeat:no-repeat;\nbackground-position:0% 0%;\nbackground-attachment:scroll;\n}\n<\/style>\n<div id='av_section_3'  class='avia-section av-av_section-e2f31ca5bb4d9f7e3091c1bff5c623ff main_color avia-section-default avia-no-border-styling  avia-builder-el-17  el_after_av_section  el_before_av_section  av-small-hide av-mini-hide avia-bg-style-scroll container_wrap fullsize'  data-section-bg-repeat='no-repeat'><div class='container av-section-cont-open' ><div class='template-page content  av-content-full alpha units'><div class='post-entry post-entry-type-page post-entry-2781'><div class='entry-content-wrapper clearfix'>\n\n<style type=\"text\/css\" data-created_by=\"avia_inline_auto\" id=\"style-css-av-av_one_half-709aa33b4b20bc13b9cabccc5a836c56\">\n.flex_column.av-av_one_half-709aa33b4b20bc13b9cabccc5a836c56{\npadding:0 0 0 20%;\n}\n<\/style>\n<div  class='flex_column av-av_one_half-709aa33b4b20bc13b9cabccc5a836c56 av_one_half  avia-builder-el-18  el_before_av_one_half  avia-builder-el-first  first flex_column_div  '     ><section  class='av_textblock_section av-av_textblock-564067357eb74c20cdd60b282c9b50bd '   itemscope=\"itemscope\" itemtype=\"https:\/\/schema.org\/CreativeWork\" ><div class='avia_textblock'  itemprop=\"text\" ><h1 style=\"text-align: center;\"><strong><span style=\"color: #323377;\">THANK YOU!<\/span><\/strong><br \/>\nFOR CHOOSING US<\/h1>\n<p><img loading=\"lazy\" decoding=\"async\" class=\"aligncenter wp-image-2468 \" src=\"https:\/\/ketacoin.io\/wp-content\/uploads\/2023\/07\/ketacoin2-300x167.png\" alt=\"\" width=\"260\" height=\"145\" srcset=\"https:\/\/ketacoin.io\/wp-content\/uploads\/2023\/07\/ketacoin2-300x167.png 300w, https:\/\/ketacoin.io\/wp-content\/uploads\/2023\/07\/ketacoin2-768x427.png 768w, https:\/\/ketacoin.io\/wp-content\/uploads\/2023\/07\/ketacoin2-705x392.png 705w, https:\/\/ketacoin.io\/wp-content\/uploads\/2023\/07\/ketacoin2.png 900w\" sizes=\"auto, (max-width: 260px) 100vw, 260px\" \/><\/p>\n<p style=\"text-align: center;\">We look forward to working with you!<\/p>\n<\/div><\/section><\/div>\n<style type=\"text\/css\" data-created_by=\"avia_inline_auto\" id=\"style-css-av-av_one_half-fa009c30831e7390761c658d2a98149f\">\n.flex_column.av-av_one_half-fa009c30831e7390761c658d2a98149f{\npadding:3.4% 0 0 0;\n}\n\n@media only screen and (min-width: 480px) and (max-width: 767px){ \n.flex_column.av-av_one_half-fa009c30831e7390761c658d2a98149f{\npadding:0 0 0 20%;\n}\n}\n\n@media only screen and (max-width: 479px){ \n.flex_column.av-av_one_half-fa009c30831e7390761c658d2a98149f{\npadding:0px 0px 0px 0px;\n}\n}\n<\/style>\n<div  class='flex_column av-av_one_half-fa009c30831e7390761c658d2a98149f av_one_half  avia-builder-el-20  el_after_av_one_half  avia-builder-el-last  flex_column_div  '     ><section  class='av_textblock_section av-av_textblock-564067357eb74c20cdd60b282c9b50bd '   itemscope=\"itemscope\" itemtype=\"https:\/\/schema.org\/CreativeWork\" ><div class='avia_textblock'  itemprop=\"text\" ><p>Address: Dubai Silicon Oasis, DDP, Building A1, Dubai, United Arab Emirates<\/p>\n<p>KETA GROUP FZCO<br \/>\nKETA COIN<br \/>\nLicense Number: 20195<\/p>\n<p>Dubai Phone: +971 50 184 77 18<br \/>\nSwiss Mobile: +41 76 610 18 18<br \/>\nSwiss Phone: +41 41 252 18 18<br \/>\nSwiss Fax: +41 41 252 18 19<\/p>\n<p>Email: info@ketacoin.io<\/p>\n<\/div><\/section><\/div>\n\n<\/div><\/div><\/div><!-- close content main div --><\/div><\/div>\n<style type=\"text\/css\" data-created_by=\"avia_inline_auto\" id=\"style-css-av-av_section-847f8ec4ec87fdd3a2e9fd617da40ef7\">\n.avia-section.av-av_section-847f8ec4ec87fdd3a2e9fd617da40ef7{\nbackground-color:#ebf7f2;\nbackground-image:unset;\n}\n<\/style>\n<div id='av_section_4'  class='avia-section av-av_section-847f8ec4ec87fdd3a2e9fd617da40ef7 main_color avia-section-default avia-no-border-styling  avia-builder-el-22  el_after_av_section  avia-builder-el-last  av-desktop-hide av-medium-hide avia-bg-style-scroll container_wrap fullsize'  ><div class='container av-section-cont-open' ><div class='template-page content  av-content-full alpha units'><div class='post-entry post-entry-type-page post-entry-2781'><div class='entry-content-wrapper clearfix'>\n\n<style type=\"text\/css\" data-created_by=\"avia_inline_auto\" id=\"style-css-av-av_one_full-5af4358dce20061579ab6f1d738915ea\">\n.flex_column.av-av_one_full-5af4358dce20061579ab6f1d738915ea{\npadding:3.4% 0 0 0;\n}\n\n@media only screen and (min-width: 480px) and (max-width: 767px){ \n.flex_column.av-av_one_full-5af4358dce20061579ab6f1d738915ea{\npadding:0 0 0 20%;\n}\n}\n\n@media only screen and (max-width: 479px){ \n.flex_column.av-av_one_full-5af4358dce20061579ab6f1d738915ea{\npadding:0px 0px 0px 0px;\n}\n}\n<\/style>\n<div  class='flex_column av-av_one_full-5af4358dce20061579ab6f1d738915ea av_one_full  avia-builder-el-23  avia-builder-el-no-sibling  first flex_column_div  '     ><section  class='av_textblock_section av-av_textblock-564067357eb74c20cdd60b282c9b50bd '   itemscope=\"itemscope\" itemtype=\"https:\/\/schema.org\/CreativeWork\" ><div class='avia_textblock'  itemprop=\"text\" ><p>Address: Dubai Silicon Oasis, DDP, Building A1, Dubai, United Arab Emirates<\/p>\n<p>KETA GROUP FZCO<br \/>\nKETA COIN<br \/>\nLicense Number: 20195<\/p>\n<p>Dubai Phone: +971 50 184 77 18<br \/>\nSwiss Mobile: +41 76 610 18 18<br \/>\nSwiss Phone: +41 41 252 18 18<br \/>\nSwiss Fax: +41 41 252 18 19<\/p>\n<p>Email: info@ketacoin.io<\/p>\n<\/div><\/section><\/div>\n\n","protected":false},"excerpt":{"rendered":"","protected":false},"author":1,"featured_media":0,"parent":0,"menu_order":0,"comment_status":"closed","ping_status":"closed","template":"","meta":{"footnotes":""},"class_list":["post-2781","page","type-page","status-publish","hentry"],"_links":{"self":[{"href":"https:\/\/ketacoin.io\/index.php?rest_route=\/wp\/v2\/pages\/2781","targetHints":{"allow":["GET"]}}],"collection":[{"href":"https:\/\/ketacoin.io\/index.php?rest_route=\/wp\/v2\/pages"}],"about":[{"href":"https:\/\/ketacoin.io\/index.php?rest_route=\/wp\/v2\/types\/page"}],"author":[{"embeddable":true,"href":"https:\/\/ketacoin.io\/index.php?rest_route=\/wp\/v2\/users\/1"}],"replies":[{"embeddable":true,"href":"https:\/\/ketacoin.io\/index.php?rest_route=%2Fwp%2Fv2%2Fcomments&post=2781"}],"version-history":[{"count":1,"href":"https:\/\/ketacoin.io\/index.php?rest_route=\/wp\/v2\/pages\/2781\/revisions"}],"predecessor-version":[{"id":2782,"href":"https:\/\/ketacoin.io\/index.php?rest_route=\/wp\/v2\/pages\/2781\/revisions\/2782"}],"wp:attachment":[{"href":"https:\/\/ketacoin.io\/index.php?rest_route=%2Fwp%2Fv2%2Fmedia&parent=2781"}],"curies":[{"name":"wp","href":"https:\/\/api.w.org\/{rel}","templated":true}]}}