{"id":3,"date":"2023-06-27T13:16:33","date_gmt":"2023-06-27T13:16:33","guid":{"rendered":"https:\/\/ketacoin.io\/?page_id=3"},"modified":"2023-08-01T13:48:55","modified_gmt":"2023-08-01T13:48:55","slug":"privacy-policy","status":"publish","type":"page","link":"https:\/\/ketacoin.io\/?page_id=3","title":{"rendered":"Datenschutzerkl\u00e4rung"},"content":{"rendered":"<section  class='av_textblock_section av-ljeeroia-d829c4055129693c73c9126c39b67ae1 '   itemscope=\"itemscope\" itemtype=\"https:\/\/schema.org\/CreativeWork\" ><div class='avia_textblock'  itemprop=\"text\" ><p>Personenbezogene Daten (nachfolgend zumeist nur \u201eDaten\u201c genannt) werden von uns nur im Rahmen der Erforderlichkeit sowie zum Zwecke der Bereitstellung eines funktionsf\u00e4higen und nutzerfreundlichen Internetauftritts, inklusive seiner Inhalte und der dort angebotenen Leistungen, verarbeitet.<\/p>\n<p>Gem\u00e4ss Art. 4 Ziffer 1. der Verordnung (EU) 2016\/679, also der Datenschutz-Grundverordnung (nachfolgend nur \u201eDSGVO\u201c genannt), gilt als\u201eVerarbeitung\u201c jeder mit oder ohne Hilfe automatisierter Verfahren ausgef\u00fchrter Vorgang oder jede solche Vorgangsreihe im Zusammenhang mit personenbezogenen Daten, wie das Erheben, das Erfassen, die Organisation, das Ordnen, die Speicherung, die Anpassung oder Ver\u00e4nderung, das Auslesen, das Abfragen, die Verwendung, die Offenlegung durch \u00dcbermittlung, Verbreitung oder eine andere Form der Bereitstellung, den Abgleich oder die Verkn\u00fcpfung, die Einschr\u00e4nkung, das L\u00f6schen oder die Vernichtung.<\/p>\n<p>Mit der nachfolgenden Datenschutzerkl\u00e4rung informieren wir Sie insbesondere \u00fcber Art, Umfang, Zweck, Dauer und Rechtsgrundlage der Verarbeitung personenbezogener Daten, soweit wir entweder allein oder gemeinsam mit anderen \u00fcber die Zwecke und Mittel der Verarbeitung entscheiden. Zudem informieren wir Sie nachfolgend \u00fcber die von uns zu Optimierungszwecken sowie zur Steigerung der Nutzungsqualit\u00e4t eingesetzten Fremdkomponenten, soweit hierdurch Dritte Daten in wiederum eigener Verantwortung verarbeiten.<\/p>\n<p>Unsere Datenschutzerkl\u00e4rung ist wie folgt gegliedert:<br \/>\nI. Informationen \u00fcber uns als Verantwortliche<br \/>\nII. Rechte der Nutzer und Betroffenen<br \/>\nIII. Informationen zur Datenverarbeitung<br \/>\nI. Informationen \u00fcber uns als Verantwortliche<\/p>\n<p>Verantwortlicher Anbieter dieses Internetauftritts im datenschutzrechtlichen Sinne ist:<br \/>\nKETA GROUP FZCO<br \/>\nDubai Silicon Oasis, DDP, Building A1,<br \/>\nDubai, United Arab Emirates<br \/>\nTel. +971 50 184 77 18<br \/>\ninfo@ketacoin.io<\/p>\n<p>II. Rechte der Nutzer und Betroffenen Mit Blick auf die nachfolgend noch n\u00e4her beschriebene Datenverarbeitung haben die Nutzer und Betroffenen das Recht<br \/>\n&#8211; auf Best\u00e4tigung, ob sie betreffende Daten verarbeitet werden, auf Auskunft \u00fcber dieverarbeiteten Daten, auf weitere Informationen \u00fcber die Datenverarbeitung sowie auf Kopiender Daten (vgl. auch Art. 15 DSGVO);<\/p>\n<p>&#8211; auf Berichtigung oder Vervollst\u00e4ndigung unrichtiger bzw. unvollst\u00e4ndiger Daten (vgl. auch Art.16 DSGVO);<br \/>\n&#8211; auf unverz\u00fcgliche L\u00f6schung der sie betreffenden Daten (vgl. auch Art. 17 DSGVO), oder, alternativ, soweit eine weitere Verarbeitung gem\u00e4ss Art. 17 Abs. 3 DSGVO erforderlich ist, auf Einschr\u00e4nkung der Verarbeitung nach Massgabe von Art. 18 DSGVO;<br \/>\n&#8211; auf Erhalt der sie betreffenden und von ihnen bereitgestellten Daten und auf \u00dcbermittlung<br \/>\ndieser Daten an andere Anbieter\/Verantwortliche (vgl. auch Art. 20 DSGVO);<br \/>\n&#8211; auf Beschwerde gegen\u00fcber der Aufsichtsbeh\u00f6rde, sofern sie der Ansicht sind, dass die sie betreffenden Daten durch den Anbieter unter Verstoss gegen datenschutzrechtliche Bestimmungen verarbeitet werden (vgl. auch Art. 77 DSGVO).<\/p>\n<p>Dar\u00fcber hinaus ist der Anbieter dazu verpflichtet, alle Empf\u00e4nger, denen gegen\u00fcber Daten durch den Anbieter offengelegt worden sind, \u00fcber jedwede Berichtigung oder L\u00f6schung von Daten oder die Einschr\u00e4nkung der Verarbeitung, die aufgrund der Artikel 16, 17 Abs. 1, 18 DSGVO erfolgt, zu unterrichten. Diese Verpflichtung besteht jedoch nicht, soweit diese Mitteilung unm\u00f6glich oder mit einem unverh\u00e4ltnism\u00e4ssigen Aufwand verbunden ist. Unbeschadet dessen hat der Nutzer ein Recht auf Auskunft \u00fcber diese Empf\u00e4nger.<br \/>\nEbenfalls haben die Nutzer und Betroffenen nach Art. 21 DSGVO das Recht auf Widerspruch gegen die k\u00fcnftige Verarbeitung der sie betreffenden Daten, sofern die Daten durch den Anbieter nach Massgabe von Art. 6 Abs. 1 lit. f) DSGVO verarbeitet werden. Insbesondere ist ein Widerspruch gegen die Datenverarbeitung zum Zwecke der Direktwerbung statthaft.<\/p>\n<p>III. Informationen zur Datenverarbeitung<br \/>\nIhre bei Nutzung unseres Internetauftritts verarbeiteten Daten werden gel\u00f6scht oder gesperrt, sobald der Zweck der Speicherung entf\u00e4llt, der L\u00f6schung der Daten keine gesetzlichen Aufbewahrungspflichten entgegenstehen und nachfolgend keine anderslautenden Angaben zu einzelnen Verarbeitungsverfahren gemacht werden.<\/p>\n<p>Instagram<br \/>\nZur Bewerbung unserer Produkte und Leistungen sowie zur Kommunikation mit Interessenten oder Kunden betreiben wir eine Firmenpr\u00e4senz auf der Plattform Instagram. Auf dieser Social-MediaPlattform sind wir gemeinsam mit der Facebook Ireland Ltd., 4 Grand Canal Square, Grand Canal Harbour, Dublin 2 Ireland, verantwortlich. Der Datenschutzbeauftragte von Instagram kann \u00fcber ein Kontaktformular erreicht werden:<br \/>\nhttps:\/\/www.facebook.com\/help\/contact\/540977946302970<br \/>\nDie gemeinsame Verantwortlichkeit haben wir in einer Vereinbarung bez\u00fcglich der jeweiligen Verpflichtungen im Sinne der DSGVO geregelt. Diese Vereinbarung, aus der sich die gegenseitigen<br \/>\nVerpflichtungen ergeben, ist unter dem folgenden Link abrufbar:<br \/>\n<strong>https:\/\/www.facebook.com\/legal\/terms\/page_controller_addendum<\/strong><br \/>\nRechtsgrundlage f\u00fcr die dadurch erfolgende und nachfolgend wiedergegebene Verarbeitung von personenbezogenen Daten ist Art. 6 Abs. 1 lit. f DSGVO. Unser berechtigtes Interesse besteht an der Analyse, der Kommunikation sowie dem Absatz und der Bewerbung unserer Produkte und Leistungen.<\/p>\n<p>Rechtsgrundlage kann auch eine Einwilligung des Nutzers gem\u00e4ss Art. 6 Abs. 1 lit. a DSGVO gegen\u00fcber dem Plattformbetreiber sein. Die Einwilligung hierzu kann der Nutzer nach Art. 7 Abs. 3 DSGVO jederzeit durch eine Mitteilung an den Plattformbetreiber f\u00fcr die Zukunft widerrufen. Bei dem Aufruf unseres Onlineauftritts auf der Plattform Instagram werden von der Facebook Ireland Ltd. als Betreiberin der Plattform in der EU Daten des Nutzers (z.B. pers\u00f6nliche Informationen, IP-Adresse etc.) verarbeitet. Diese Daten des Nutzers dienen zu statistischen Informationen \u00fcber die Inanspruchnahme unserer Firmenpr\u00e4senz auf Instagram.<\/p>\n<p>Die Facebook Ireland Ltd. nutzt diese Daten zu Marktforschungs- und Werbezwecken sowie zur Erstellung von Profilen der Nutzer. Anhand dieser Profile ist es der Facebook Ireland Ltd. beispielsweise m\u00f6glich, die Nutzer innerhalb und ausserhalb von Instagram interessenbezogen zu bewerben. Ist der Nutzer zum Zeitpunkt des Aufrufes in seinem Account auf Instagram eingeloggt, kann die Facebook Ireland Ltd. zudem die Daten mit dem jeweiligen Nutzerkonto verkn\u00fcpfen.<\/p>\n<p>Im Falle einer Kontaktaufnahme des Nutzers \u00fcber Instagram werden die bei dieser Gelegenheit eingegebenen personenbezogenen Daten des Nutzers zur Bearbeitung der Anfrage genutzt. Die Daten des Nutzers werden bei uns gel\u00f6scht, sofern die Anfrage des Nutzers abschliessend beantwortet wurde und keine gesetzlichen Aufbewahrungspflichten, wie z.B. bei einer anschliessenden Vertragsabwicklung, entgegenstehen.<\/p>\n<p>Zur Verarbeitung der Daten werden von der Facebook Ireland Ltd. ggf. auch Cookies gesetzt. Sollte der Nutzer mit dieser Verarbeitung nicht einverstanden sein, so besteht die M\u00f6glichkeit, die Installation der Cookies durch eine entsprechende Einstellung des Browsers zu verhindern. Bereits gespeicherte Cookies k\u00f6nnen ebenfalls jederzeit gel\u00f6scht werden. Die Einstellungen hierzu sind vom jeweiligen Browser abh\u00e4ngig. Bei Flash-Cookies l\u00e4sst sich die Verarbeitung nicht \u00fcber die Einstellungen des Browsers unterbinden, sondern durch die entsprechende Einstellung des FlashPlayers.<\/p>\n<p>Sollte der Nutzer die Installation der Cookies verhindern oder einschr\u00e4nken, kann dies dazu f\u00fchren, dass nicht s\u00e4mtliche Funktionen von Facebook vollumf\u00e4nglich nutzbar sind. N\u00e4heres zu den Verarbeitungst\u00e4tigkeiten, deren Unterbindung und zur L\u00f6schung der von Instagram verarbeiteten Daten finden sich in der Datenrichtlinie von Instagram:<\/p>\n<p>https:\/\/help.instagram.com\/519522125107875<br \/>\nEs ist nicht ausgeschlossen, dass die Verarbeitung durch die Facebook Ireland Ltd. auch \u00fcber die<br \/>\nFacebook Inc., 1601 Willow Road, Menlo Park, California 94025 in den USA erfolgt. Die Facebook Inc.<br \/>\nhat sich dem \u201eEU-US Privacy Shield\u201c unterworfen und erkl\u00e4rt dadurch die Einhaltung der<br \/>\nDatenschutzvorgaben der EU bei der Verarbeitung der Daten in den USA.<\/p>\n<p>https:\/\/www.privacyshield.gov\/participant?id=a2zt0000000GnywAAC&#038;status=Active<br \/>\nGoogle Analytics<br \/>\nIn unserem Internetauftritt setzen wir Google Analytics ein. Hierbei handelt es sich um einen Webanalysedienst der Google Ireland Limited, Gordon House, Barrow Street, Dublin 4, Irland, nachfolgend nur \u201eGoogle\u201c genannt. Durch die Zertifizierung nach dem EU-US-Datenschutzschild (\u201eEUUS Privacy Shield\u201c) https:\/\/www.privacyshield.gov\/participant?id=a2zt000000001L5AAI&amp;status=Active<br \/>\ngarantiert Google, dass die Datenschutzvorgaben der EU auch bei der Verarbeitung von Daten in den USA eingehalten werden. Der Dienst Google Analytics dient zur Analyse des Nutzungsverhaltens unseres Internetauftritts. Rechtsgrundlage ist Art. 6 Abs. 1 lit. f) DSGVO. Unser berechtigtes Interesse liegt in der Analyse, Optimierung und dem wirtschaftlichen Betrieb unseres Internetauftritts.<br \/>\nNutzungs- und nutzerbezogene Informationen, wie bspw.<\/p>\n<p>IP-Adresse, Ort, Zeit oder H\u00e4ufigkeit des Besuchs unseres Internetauftritts, werden dabei an einen Server von Google in den USA \u00fcbertragen und dort gespeichert. Allerdings nutzen wir Google Analytics mit der sog. Anonymisierungsfunktion.<\/p>\n<p>Durch diese Funktion k\u00fcrzt Google die IP-Adresse schon innerhalb der EU bzw. des EWR. Die so erhobenen Daten werden wiederum von Google genutzt, um uns eine Auswertung \u00fcber den Besuch unseres Internetauftritts sowie \u00fcber die dortigen Nutzungsaktivit\u00e4ten zur Verf\u00fcgung zu stellen. Auch k\u00f6nnen diese Daten genutzt werden, um weitere Dienstleistungen zu erbringen, die mit der Nutzung unseres Internetauftritts und der Nutzung des Internets zusammenh\u00e4ngen.<br \/>\nGoogle gibt an, Ihre IP-Adresse nicht mit anderen Daten zu verbinden.<\/p>\n<p>Zudem h\u00e4lt Google unter<br \/>\nhttps:\/\/www.google.com\/intl\/de\/policies\/privacy\/partners eitere datenschutzrechtliche Informationen f\u00fcr Sie bereit, so bspw. auch zu den M\u00f6glichkeiten, die Datennutzung zu unterbinden. Zudem bietet Google unter https:\/\/tools.google.com\/dlpage\/gaoptout?hl=de ein sog.<\/p>\n<p>Deaktivierungs-Add-on nebst weiteren Informationen hierzu an. Dieses Add-on l\u00e4sst sich mit<br \/>\nden g\u00e4ngigen Internet-Browsern installieren und bietet Ihnen weitergehende Kontrollm\u00f6glichkeit \u00fcber die Daten, die Google bei Aufruf unseres Internetauftritts erfasst. Dabei teilt das Add-on dem JavaScript (ga.js) von Google Analytics mit, dass Informationen zum Besuch unseres Internetauftritts nicht an Google Analytics \u00fcbermittelt werden sollen. Dies verhindert aber nicht, dass Informationen an uns oder an andere Webanalysedienste \u00fcbermittelt werden. Ob und welche weiteren Webanalysedienste von uns eingesetzt werden, erfahren Sie nat\u00fcrlich ebenfalls in dieser Datenschutzerkl\u00e4rung.<\/p>\n<p>Google AdWords mit Conversion-Tracking In unserem Internetauftritt setzen wir die Werbe-Komponente Google AdWords und dabei das sog.<br \/>\nConversion-Tracking ein. Es handelt sich hierbei um einen Dienst der Google Ireland Limited, Gordon House, Barrow Street, Dublin 4, Irland, nachfolgend nur \u201eGoogle\u201c genannt. Durch die Zertifizierung nach dem EU-US-Datenschutzschild (\u201eEU-US Privacy Shield\u201c)<br \/>\nhttps:\/\/www.privacyshield.gov\/participant?id=a2zt000000001L5AAI&#038;status=Active<br \/>\ngarantiert Google, dass die Datenschutzvorgaben der EU auch bei der Verarbeitung von Daten in den USA eingehalten werden.<\/p>\n<p>Wir nutzen das Conversion-Tracking zur zielgerichteten Bewerbung unseres Angebots.<br \/>\nRechtsgrundlage ist Art. 6 Abs. 1 lit. f) DSGVO. Unser berechtigtes Interesse liegt in der Analyse,Optimierung und dem wirtschaftlichen Betrieb unseres Internetauftritts. Falls Sie auf eine von Google geschaltete Anzeige klicken, speichert das von uns eingesetzte Conversion-Tracking ein Cookie auf Ihrem Endger\u00e4t. Diese sog.<\/p>\n<p>Conversion-Cookies verlieren mit Ablauf von 30 Tagen ihre G\u00fcltigkeit und<br \/>\ndienen im \u00dcbrigen nicht Ihrer pers\u00f6nlichen Identifikation. Sofern das Cookie noch g\u00fcltig ist und Sie eine bestimmte Seite unseres Internetauftritts besuchen, k\u00f6nnen sowohl wir als auch Google auswerten, dass Sie auf eine unserer bei Google platzierten Anzeigen geklickt haben und dass Sie anschliessend auf unseren Internetauftritt weitergeleitet worden sind.<\/p>\n<p>Durch die so eingeholten Informationen erstellt Google uns eine Statistik \u00fcber den Besuch unseres Internetauftritts. Zudem erhalten wir hierdurch Informationen \u00fcber die Anzahl der Nutzer, die auf unsere Anzeige(n) geklickt haben sowie \u00fcber die anschliessend aufgerufenen Seiten unseres Internetauftritts.<\/p>\n<p>Weder wir noch Dritte, die ebenfalls Google-AdWords einsetzten, werden hierdurch<br \/>\nallerdings in die Lage versetzt, Sie auf diesem Wege zu identifizieren. Durch die entsprechenden Einstellungen Ihres Internet-Browsers k\u00f6nnen Sie zudem die Installation der Cookies verhindern oder einschr\u00e4nken.<\/p>\n<p>Gleichzeitig k\u00f6nnen Sie bereits gespeicherte Cookies jederzeit l\u00f6schen. Die hierf\u00fcr erforderlichen Schritte und Massnahmen h\u00e4ngen jedoch von Ihrem konkret genutzten InternetBrowser ab. Bei Fragen benutzen Sie daher bitte die Hilfefunktion oder Dokumentation Ihres InternetBrowsers oder wenden sich an dessen Hersteller bzw. Support.<\/p>\n<p>Ferner bietet auch Google unter<br \/>\n<strong>https:\/\/services.google.com\/sitestats\/de.html<\/strong><br \/>\n<strong> https:\/\/www.google.com\/policies\/technologies\/ads\/<\/strong><br \/>\n<strong> https:\/\/www.google.de\/policies\/privacy\/<\/strong><br \/>\nweitergehende Informationen zu diesem Thema und dabei insbesondere zu den M\u00f6glichkeiten der Unterbindung der Datennutzung an.<\/p>\n<p>Google Remarketing oder &#8220;\u00c4hnliche Zielgruppen&#8221;-Komponente von Google<br \/>\nIn unserem Internetauftritt setzen wir die Remarketing- oder \u201e\u00c4hnliche Zielgruppen\u201c-Funktion ein. Es handelt sich hierbei um einen Dienst der Google Ireland Limited, Gordon House, Barrow Street,<br \/>\nDublin 4, Irland, nachfolgend nur \u201eGoogle\u201c genannt.<\/p>\n<p>Durch die Zertifizierung nach dem EU-US-Datenschutzschild (\u201eEU-US Privacy Shield\u201c)<br \/>\nhttps:\/\/www.privacyshield.gov\/participant?id=a2zt000000001L5AAI&#038;status=Active<br \/>\ngarantiert Google, dass die Datenschutzvorgaben der EU auch bei der Verarbeitung von Daten in den USA eingehalten werden.<\/p>\n<p>Wir nutzen diese Funktion, um interessenbezogene, personalisierte Werbung auf Internetseiten Dritter, die ebenfalls an dem Werbe-Netzwerk von Google teilnehmen, zu schalten.Rechtsgrundlage ist Art. 6 Abs. 1 lit. f) DSGVO. Unser berechtigtes Interesse liegt in der Analyse, Optimierung und dem wirtschaftlichen Betrieb unseres Internetauftritts.<\/p>\n<p>Damit dieser Werbe-Dienst erm\u00f6glicht werden kann, speichert Google w\u00e4hrend Ihres Besuchs unseres Internetauftritts \u00fcber Ihren Internet-Browser ein Cookie mit einer Zahlenfolge auf Ihrem Endger\u00e4t. Dieses Cookie erfasst in anonymisierter Form sowohl Ihren Besuch als auch die Nutzung unseres Internetauftritts. Personenbezogene Daten wird dabei allerdings nicht weitergegeben.<\/p>\n<p>Sofern Sie anschliessend den Internetauftritt eines Dritten besuchen, der seinerseits ebenfalls das Werbe Netzwerk von Google nutzt, werden wom\u00f6glich Werbeeinblendungen erscheinen, die einen Bezug zu unserem Internetauftritt bzw. zu unseren dortigen Angeboten aufweisen.<\/p>\n<p>Zur dauerhaften Deaktivierung dieser Funktion bietet Google f\u00fcr die g\u00e4ngigsten Internet-Browser \u00fcber <strong>https:\/\/www.google.com\/settings\/ads\/plugin<\/strong> ein Browser-Plugin an.<\/p>\n<p>Ebenfalls kann die Verwendung von Cookies bestimmter Anbieter bspw. \u00fcber <strong>https:\/\/www.youronlinechoices.com\/uk\/your-ad-choices<\/strong> oder <strong>https:\/\/www.networkadvertising.org\/choices\/<\/strong> per Opt-out deaktiviert werden.<\/p>\n<p>Durch das sog.<\/p>\n<p>Cross-Device-Marketing kann Google Ihr Nutzungsverhalten unter Umst\u00e4nden auch \u00fcber mehrere Endger\u00e4te hinweg verfolgen, sodass Ihnen wom\u00f6glich selbst dann interessenbezogene, personalisierte Werbung angezeigt wird, wenn Sie das Endger\u00e4t wechseln.<\/p>\n<p>Dies setzt allerdings voraus, dass Sie der Verkn\u00fcpfung Ihrer Browserverl\u00e4ufe mit Ihrem bestehenden Google-Konto zugestimmt haben.<\/p>\n<p>Google bietet weitergehende Informationen zu Google Remarketing unter <strong>https:\/\/www.google.com\/privacy\/ads\/<\/strong> an.<\/p>\n<\/div><\/section>\n","protected":false},"excerpt":{"rendered":"","protected":false},"author":1,"featured_media":0,"parent":0,"menu_order":0,"comment_status":"closed","ping_status":"open","template":"","meta":{"footnotes":""},"class_list":["post-3","page","type-page","status-publish","hentry"],"_links":{"self":[{"href":"https:\/\/ketacoin.io\/index.php?rest_route=\/wp\/v2\/pages\/3","targetHints":{"allow":["GET"]}}],"collection":[{"href":"https:\/\/ketacoin.io\/index.php?rest_route=\/wp\/v2\/pages"}],"about":[{"href":"https:\/\/ketacoin.io\/index.php?rest_route=\/wp\/v2\/types\/page"}],"author":[{"embeddable":true,"href":"https:\/\/ketacoin.io\/index.php?rest_route=\/wp\/v2\/users\/1"}],"replies":[{"embeddable":true,"href":"https:\/\/ketacoin.io\/index.php?rest_route=%2Fwp%2Fv2%2Fcomments&post=3"}],"version-history":[{"count":10,"href":"https:\/\/ketacoin.io\/index.php?rest_route=\/wp\/v2\/pages\/3\/revisions"}],"predecessor-version":[{"id":2528,"href":"https:\/\/ketacoin.io\/index.php?rest_route=\/wp\/v2\/pages\/3\/revisions\/2528"}],"wp:attachment":[{"href":"https:\/\/ketacoin.io\/index.php?rest_route=%2Fwp%2Fv2%2Fmedia&parent=3"}],"curies":[{"name":"wp","href":"https:\/\/api.w.org\/{rel}","templated":true}]}}